{"id":71,"date":"2020-03-19T22:35:53","date_gmt":"2020-03-19T22:35:53","guid":{"rendered":"https:\/\/musicaclasicaenmadrid.com\/?page_id=71"},"modified":"2020-03-23T11:13:06","modified_gmt":"2020-03-23T10:13:06","slug":"blog","status":"publish","type":"page","link":"https:\/\/musicaclasicaenmadrid.com\/index.php\/blog\/","title":{"rendered":"Blog"},"content":{"rendered":"\n<p>Eventos de inter\u00e9s para los aficionados de M\u00fasica Cl\u00e1sica en Madrid.<\/p>\n\n\n\n<div class=\"wprss_ajax\" data-id=\"rssa089130a2c\"><img data-recalc-dims=\"1\" loading=\"lazy\" decoding=\"async\" src=\"https:\/\/i0.wp.com\/musicaclasicaenmadrid.com\/wp-content\/plugins\/wp-rss-retriever\/inc\/imgs\/ajax-loader.gif?resize=16%2C16&#038;ssl=1\" alt=\"Loading RSS Feed\" width=\"16\" height=\"16\"><\/div>\n\n\n\n<div class=\"wp-block-button\"><a class=\"wp-block-button__link has-text-color has-background has-vivid-purple-background-color\" href=\"https:\/\/musicaclasicaenmadrid.blogspot.com\/\" style=\"color:#ffffff;border-radius:8px\" target=\"_blank\" rel=\"noreferrer noopener\">M\u00e1s entradas<\/a><\/div>\n","protected":false},"excerpt":{"rendered":"<p>Eventos de inter\u00e9s para los aficionados de M\u00fasica Cl\u00e1sica en Madrid.<\/p>\n","protected":false},"author":1,"featured_media":14,"parent":0,"menu_order":0,"comment_status":"closed","ping_status":"closed","template":"","meta":{"footnotes":""},"class_list":["post-71","page","type-page","status-publish","has-post-thumbnail","hentry"],"jetpack_sharing_enabled":true,"_links":{"self":[{"href":"https:\/\/musicaclasicaenmadrid.com\/index.php\/wp-json\/wp\/v2\/pages\/71","targetHints":{"allow":["GET"]}}],"collection":[{"href":"https:\/\/musicaclasicaenmadrid.com\/index.php\/wp-json\/wp\/v2\/pages"}],"about":[{"href":"https:\/\/musicaclasicaenmadrid.com\/index.php\/wp-json\/wp\/v2\/types\/page"}],"author":[{"embeddable":true,"href":"https:\/\/musicaclasicaenmadrid.com\/index.php\/wp-json\/wp\/v2\/users\/1"}],"replies":[{"embeddable":true,"href":"https:\/\/musicaclasicaenmadrid.com\/index.php\/wp-json\/wp\/v2\/comments?post=71"}],"version-history":[{"count":5,"href":"https:\/\/musicaclasicaenmadrid.com\/index.php\/wp-json\/wp\/v2\/pages\/71\/revisions"}],"predecessor-version":[{"id":194,"href":"https:\/\/musicaclasicaenmadrid.com\/index.php\/wp-json\/wp\/v2\/pages\/71\/revisions\/194"}],"wp:featuredmedia":[{"embeddable":true,"href":"https:\/\/musicaclasicaenmadrid.com\/index.php\/wp-json\/wp\/v2\/media\/14"}],"wp:attachment":[{"href":"https:\/\/musicaclasicaenmadrid.com\/index.php\/wp-json\/wp\/v2\/media?parent=71"}],"curies":[{"name":"wp","href":"https:\/\/api.w.org\/{rel}","templated":true}]}}