{"id":2,"date":"2020-03-19T20:26:23","date_gmt":"2020-03-19T20:26:23","guid":{"rendered":"https:\/\/musicaclasicaenmadrid.com\/?page_id=2"},"modified":"2020-03-20T13:22:13","modified_gmt":"2020-03-20T12:22:13","slug":"sample-page","status":"publish","type":"page","link":"https:\/\/musicaclasicaenmadrid.com\/","title":{"rendered":"Inicio"},"content":{"rendered":"\n<div class=\"wp-block-cover has-background-dim-40 has-background-dim\" style=\"background-image:url(https:\/\/musicaclasicaenmadrid.com\/wp-content\/uploads\/2020\/03\/mikedelta-431444-scaled.jpg);min-height:290px;aspect-ratio:unset;\"><div class=\"wp-block-cover__inner-container is-layout-flow wp-block-cover-is-layout-flow\">\n<p class=\"has-text-align-center has-large-font-size\"><\/p>\n<\/div><\/div>\n\n\n\n<div style=\"height:40px\" aria-hidden=\"true\" class=\"wp-block-spacer\"><\/div>\n\n\n\n<div class=\"wp-block-columns is-layout-flex wp-container-core-columns-is-layout-28f84493 wp-block-columns-is-layout-flex\">\n<div class=\"wp-block-column is-layout-flow wp-block-column-is-layout-flow\"><\/div>\n\n\n\n<div class=\"wp-block-column is-layout-flow wp-block-column-is-layout-flow\"><\/div>\n<\/div>\n\n\n\n<div class=\"wp-block-columns are-vertically-aligned-top is-layout-flex wp-container-core-columns-is-layout-28f84493 wp-block-columns-is-layout-flex\">\n<div class=\"wp-block-column is-vertically-aligned-top is-layout-flow wp-block-column-is-layout-flow\">\n<div class=\"wp-block-image\"><figure class=\"aligncenter size-large is-resized\"><img data-recalc-dims=\"1\" loading=\"lazy\" decoding=\"async\" src=\"https:\/\/i0.wp.com\/musicaclasicaenmadrid.com\/wp-content\/uploads\/2020\/03\/Meetup-Logo.png?resize=136%2C63&#038;ssl=1\" alt=\"\" class=\"wp-image-62\" width=\"136\" height=\"63\"\/><\/figure><\/div>\n\n\n\n<p class=\"has-text-align-center\">Vamos  a conciertos y eventos de M\u00fasica en grupo con grata compa\u00f1\u00eda <\/p>\n\n\n\n<div style=\"height:40px\" aria-hidden=\"true\" class=\"wp-block-spacer\"><\/div>\n\n\n\n<div class=\"su-divider su-divider-style-dotted\" style=\"margin:5px 0;border-width:1px;border-color:#999999\"><\/div>\n<p><\/p>\n\n\n\n<h4 class=\"has-text-align-center wp-block-heading\">Pr\u00f3ximos Eventos<\/h4>\n\n\n\n<p class=\"has-small-font-size\"><div class=\"wprss_ajax\" data-id=\"rss642a69ac29\"><img data-recalc-dims=\"1\" loading=\"lazy\" decoding=\"async\" src=\"https:\/\/i0.wp.com\/musicaclasicaenmadrid.com\/wp-content\/plugins\/wp-rss-retriever\/inc\/imgs\/ajax-loader.gif?resize=16%2C16&#038;ssl=1\" alt=\"Loading RSS Feed\" width=\"16\" height=\"16\"><\/div><div class=\"su-spacer\" style=\"height:50px\"><\/div>\n\n\n\n<div class=\"wp-block-button aligncenter is-style-fill\"><a class=\"wp-block-button__link has-background has-vivid-purple-background-color\" href=\"https:\/\/www.meetup.com\/es-ES\/Musica-Clasica-en-Madrid\/\" style=\"border-radius:9px\">Ir a Meetup<\/a><\/div>\n<\/div>\n\n\n\n<div class=\"wp-block-column is-vertically-aligned-top is-layout-flow wp-block-column-is-layout-flow\">\n<div class=\"wp-block-image\"><figure class=\"aligncenter size-large is-resized\"><a href=\"https:\/\/www.facebook.com\/musicaclasicaenmadrid\/\" target=\"_blank\" rel=\"noreferrer noopener\"><img data-recalc-dims=\"1\" loading=\"lazy\" decoding=\"async\" src=\"https:\/\/i0.wp.com\/musicaclasicaenmadrid.com\/wp-content\/uploads\/2020\/03\/Logo-Facebook.png?resize=66%2C66&#038;ssl=1\" alt=\"\" class=\"wp-image-64\" width=\"66\" height=\"66\" srcset=\"https:\/\/i0.wp.com\/musicaclasicaenmadrid.com\/wp-content\/uploads\/2020\/03\/Logo-Facebook.png?resize=1024%2C1024&amp;ssl=1 1024w, https:\/\/i0.wp.com\/musicaclasicaenmadrid.com\/wp-content\/uploads\/2020\/03\/Logo-Facebook.png?resize=300%2C300&amp;ssl=1 300w, https:\/\/i0.wp.com\/musicaclasicaenmadrid.com\/wp-content\/uploads\/2020\/03\/Logo-Facebook.png?resize=150%2C150&amp;ssl=1 150w, https:\/\/i0.wp.com\/musicaclasicaenmadrid.com\/wp-content\/uploads\/2020\/03\/Logo-Facebook.png?resize=768%2C768&amp;ssl=1 768w, https:\/\/i0.wp.com\/musicaclasicaenmadrid.com\/wp-content\/uploads\/2020\/03\/Logo-Facebook.png?w=1500&amp;ssl=1 1500w, https:\/\/i0.wp.com\/musicaclasicaenmadrid.com\/wp-content\/uploads\/2020\/03\/Logo-Facebook.png?w=1280&amp;ssl=1 1280w\" sizes=\"auto, (max-width: 66px) 100vw, 66px\" \/><\/a><\/figure><\/div>\n\n\n\n<p class=\"has-text-align-center\">Informaci\u00f3n de conciertos, eventos y otros recomendados para aficionados de M\u00fasica Cl\u00e1sica en Madrid. <\/p>\n\n\n\n<div style=\"height:40px\" aria-hidden=\"true\" class=\"wp-block-spacer\"><\/div>\n\n\n\n<div class=\"su-divider su-divider-style-dotted\" style=\"margin:5px 0;border-width:1px;border-color:#999999\"><\/div>\n<p><\/p>\n\n\n\n<h4 class=\"has-text-align-center wp-block-heading\">\u00daltimas Actualizaciones:<\/h4>\n\n\n\n<div align=\"center\"><iframe loading=\"lazy\" src=\"https:\/\/www.facebook.com\/plugins\/page.php?href=https%3A%2F%2Fwww.facebook.com%2Fmusicaclasicaenmadrid%2F&#038;tabs=timeline&#038;width=320&#038;height=600&#038;small_header=false&#038;adapt_container_width=true&#038;hide_cover=false&#038;show_facepile=true&#038;appId\" width=\"350\" height=\"600\" style=\"border:none;overflow:hidden\" scrolling=\"no\" frameborder=\"0\" allowTransparency=\"true\" allow=\"encrypted-media\"><\/iframe><\/div>\n\n\n\n<div class=\"wp-block-button aligncenter is-style-fill\"><a class=\"wp-block-button__link has-background has-vivid-purple-background-color\" href=\"https:\/\/www.facebook.com\/musicaclasicaenmadrid\/\" style=\"border-radius:9px\">Ir a Facebook<\/a><\/div>\n<\/div>\n\n\n\n<div class=\"wp-block-column is-vertically-aligned-top is-layout-flow wp-block-column-is-layout-flow\">\n<div class=\"wp-block-image\"><figure class=\"aligncenter size-large is-resized\"><img data-recalc-dims=\"1\" loading=\"lazy\" decoding=\"async\" src=\"https:\/\/i0.wp.com\/musicaclasicaenmadrid.com\/wp-content\/uploads\/2020\/03\/RSS-feed-logo-2017.png?resize=69%2C69&#038;ssl=1\" alt=\"\" class=\"wp-image-115\" width=\"69\" height=\"69\" srcset=\"https:\/\/i0.wp.com\/musicaclasicaenmadrid.com\/wp-content\/uploads\/2020\/03\/RSS-feed-logo-2017.png?resize=1024%2C1024&amp;ssl=1 1024w, https:\/\/i0.wp.com\/musicaclasicaenmadrid.com\/wp-content\/uploads\/2020\/03\/RSS-feed-logo-2017.png?resize=300%2C300&amp;ssl=1 300w, https:\/\/i0.wp.com\/musicaclasicaenmadrid.com\/wp-content\/uploads\/2020\/03\/RSS-feed-logo-2017.png?resize=150%2C150&amp;ssl=1 150w, https:\/\/i0.wp.com\/musicaclasicaenmadrid.com\/wp-content\/uploads\/2020\/03\/RSS-feed-logo-2017.png?resize=768%2C768&amp;ssl=1 768w, https:\/\/i0.wp.com\/musicaclasicaenmadrid.com\/wp-content\/uploads\/2020\/03\/RSS-feed-logo-2017.png?resize=1536%2C1536&amp;ssl=1 1536w, https:\/\/i0.wp.com\/musicaclasicaenmadrid.com\/wp-content\/uploads\/2020\/03\/RSS-feed-logo-2017.png?w=2000&amp;ssl=1 2000w, https:\/\/i0.wp.com\/musicaclasicaenmadrid.com\/wp-content\/uploads\/2020\/03\/RSS-feed-logo-2017.png?w=1280&amp;ssl=1 1280w, https:\/\/i0.wp.com\/musicaclasicaenmadrid.com\/wp-content\/uploads\/2020\/03\/RSS-feed-logo-2017.png?w=1920&amp;ssl=1 1920w\" sizes=\"auto, (max-width: 69px) 100vw, 69px\" \/><\/figure><\/div>\n\n\n\n<p class=\"has-text-align-center\">En formato de Blog m\u00e1s eventos y recomendaciones de M\u00fasica Cl\u00e1sica en Madrid<\/p>\n\n\n\n<div style=\"height:40px\" aria-hidden=\"true\" class=\"wp-block-spacer\"><\/div>\n\n\n\n<div class=\"su-divider su-divider-style-dotted\" style=\"margin:5px 0;border-width:1px;border-color:#999999\"><\/div>\n<p><\/p>\n\n\n\n<h4 class=\"has-text-align-center wp-block-heading\">\u00daltimas Actualizaciones:<\/h4>\n\n\n\n<p class=\"has-small-font-size\"><div class=\"wprss_ajax\" data-id=\"rss903c0a9266\"><img data-recalc-dims=\"1\" loading=\"lazy\" decoding=\"async\" src=\"https:\/\/i0.wp.com\/musicaclasicaenmadrid.com\/wp-content\/plugins\/wp-rss-retriever\/inc\/imgs\/ajax-loader.gif?resize=16%2C16&#038;ssl=1\" alt=\"Loading RSS Feed\" width=\"16\" height=\"16\"><\/div>\n\n\n\n<div class=\"wp-block-button aligncenter is-style-fill\"><a class=\"wp-block-button__link has-background has-vivid-purple-background-color\" href=\"https:\/\/musicaclasicaenmadrid.com\/index.php\/blog\/\" style=\"border-radius:9px\">M\u00e1s Entradas<\/a><\/div>\n<\/div>\n<\/div>\n","protected":false},"excerpt":{"rendered":"<p>Vamos a conciertos y eventos de M\u00fasica en grupo con grata compa\u00f1\u00eda Pr\u00f3ximos Eventos Informaci\u00f3n de conciertos, eventos y otros recomendados para aficionados de M\u00fasica Cl\u00e1sica en Madrid. \u00daltimas Actualizaciones: En formato de Blog m\u00e1s eventos y recomendaciones de M\u00fasica Cl\u00e1sica en Madrid \u00daltimas Actualizaciones:<\/p>\n","protected":false},"author":1,"featured_media":0,"parent":0,"menu_order":0,"comment_status":"closed","ping_status":"open","template":"","meta":{"footnotes":""},"class_list":["post-2","page","type-page","status-publish","hentry"],"jetpack_sharing_enabled":true,"_links":{"self":[{"href":"https:\/\/musicaclasicaenmadrid.com\/index.php\/wp-json\/wp\/v2\/pages\/2","targetHints":{"allow":["GET"]}}],"collection":[{"href":"https:\/\/musicaclasicaenmadrid.com\/index.php\/wp-json\/wp\/v2\/pages"}],"about":[{"href":"https:\/\/musicaclasicaenmadrid.com\/index.php\/wp-json\/wp\/v2\/types\/page"}],"author":[{"embeddable":true,"href":"https:\/\/musicaclasicaenmadrid.com\/index.php\/wp-json\/wp\/v2\/users\/1"}],"replies":[{"embeddable":true,"href":"https:\/\/musicaclasicaenmadrid.com\/index.php\/wp-json\/wp\/v2\/comments?post=2"}],"version-history":[{"count":5,"href":"https:\/\/musicaclasicaenmadrid.com\/index.php\/wp-json\/wp\/v2\/pages\/2\/revisions"}],"predecessor-version":[{"id":193,"href":"https:\/\/musicaclasicaenmadrid.com\/index.php\/wp-json\/wp\/v2\/pages\/2\/revisions\/193"}],"wp:attachment":[{"href":"https:\/\/musicaclasicaenmadrid.com\/index.php\/wp-json\/wp\/v2\/media?parent=2"}],"curies":[{"name":"wp","href":"https:\/\/api.w.org\/{rel}","templated":true}]}}